{"id":50,"date":"2016-07-07T13:57:48","date_gmt":"2016-07-07T13:57:48","guid":{"rendered":"http:\/\/studereninfrankrijk.nl\/?page_id=50"},"modified":"2016-07-07T15:04:39","modified_gmt":"2016-07-07T15:04:39","slug":"universites","status":"publish","type":"page","link":"http:\/\/studereninfrankrijk.nl\/?page_id=50","title":{"rendered":"Universit\u00e9s"},"content":{"rendered":"<p>Bij het inschrijven op een Franse universiteit moet rekening gehouden worden met het feit dat een Franse universitaire opleiding door DUO gezien kan worden als een HBO opleiding.<\/p>\n<p>De Franse universiteiten beschikken net zoals de Nederlandse universiteiten over het Bachelor\/Master systeem. De Fransen noemen de bachelor opleiding &#8216;Licence&#8217;, het eerste jaar van de bachelor word dan ook L1 genoemd of BAC+1. De Fransen tellen door vanaf het Franse eindexamen &#8216;BAC&#8217;. Een bachelor duurt in Frankrijk 3 jaar, daarna kan je een master volgen. Jaar \u00e9\u00e9n van de master opleiding wordt M1 of BAC+4 genoemd.<\/p>\n<p>Over het algemeen heeft elke grote stad een universiteit die uit 3 delen bestaat; &#8216;droit, \u00e9conomie et gestion&#8217;, &#8216;sciences et techniques&#8217; en &#8216;arts, lettres, langues, sciences sociales et humaines&#8217;. De delen van de universiteiten zijn gewoon genummerd van 1 t\/m 3, zo is er een &#8216;Universit\u00e9 de Toulouse 2&#8242; en een Universit\u00e9 de Toulouse 3&#8217;. Deze delen, maken wel allemaal deel uit van dezelfde universiteit. Er zijn uitzonderingen op de regel, zoals de universiteit van Parijs met maar liefst 14 delen.<\/p>\n<p>De universiteiten in Zuid-Frankrijk hebben sterk het campus idee, een groot universitair terrein met studenten huisvesting en restaurant erom heen. In een stad als Parijs is dit zeer verspreid over de stad.<\/p>\n","protected":false},"excerpt":{"rendered":"<p>Bij het inschrijven op een Franse universiteit moet rekening gehouden worden met het feit dat een Franse universitaire opleiding door DUO gezien kan worden als&#8230;<\/p>\n","protected":false},"author":1,"featured_media":0,"parent":25,"menu_order":0,"comment_status":"closed","ping_status":"closed","template":"page-template-fullwidth.php","meta":{"jetpack_post_was_ever_published":false},"jetpack_sharing_enabled":true,"jetpack_shortlink":"https:\/\/wp.me\/P7Iqjd-O","jetpack-related-posts":[{"id":44,"url":"http:\/\/studereninfrankrijk.nl\/?page_id=44","url_meta":{"origin":50,"position":0},"title":"Het Franse schoolsysteem","author":"Steffie228G","date":"juli 7, 2016","format":false,"excerpt":"Dit tabblad bevat algemene informatie die van belang kan zijn bij inschrijving op een Franse universiteit. Hoe werkt het Franse schoolsysteem? Nou zo! De Fransen zijn net zoals wij klaar met de middelbare school op hun achttiende. Het laatste jaar van de middelbare school heet 'terminal' dit is het jaar\u2026","rel":"","context":"Soortgelijk bericht","block_context":{"text":"Soortgelijk bericht","link":""},"img":{"alt_text":"","src":"","width":0,"height":0},"classes":[]},{"id":61,"url":"http:\/\/studereninfrankrijk.nl\/?page_id=61","url_meta":{"origin":50,"position":1},"title":"Admission Post-Bac","author":"Steffie228G","date":"juli 7, 2016","format":false,"excerpt":"Via Admission Post-Bac kan je je inschrijven voor een opleiding binnen het Franse onderwijssysteem. Je kan je dus hier inschrijven op een bachelor aan een Franse universiteit maar ook op een 'classe pr\u00e9paratoire' voor een 'Grande \u00c9cole'. Deze inschrijvingsprocedure is niet voor Master studenten. Wanneer je wilt beginnen met je\u2026","rel":"","context":"Soortgelijk bericht","block_context":{"text":"Soortgelijk bericht","link":""},"img":{"alt_text":"","src":"","width":0,"height":0},"classes":[]},{"id":46,"url":"http:\/\/studereninfrankrijk.nl\/?page_id=46","url_meta":{"origin":50,"position":2},"title":"Grandes \u00c9coles","author":"Steffie228G","date":"juli 7, 2016","format":false,"excerpt":"De Grandes \u00c9coles horen bij een onderwijs laag die wij niet kennen, ze staan boven het universitaire niveau. Je kunt de Grandes \u00c9coles zien als een soort prestigieuze priv\u00e9 universiteit. Om binnen te komen op deze Grandes \u00c9coles kan je een intensief twee-jarig programma doorlopen, 'Classe Pr\u00e9paratiore'. In die twee\u2026","rel":"","context":"Soortgelijk bericht","block_context":{"text":"Soortgelijk bericht","link":""},"img":{"alt_text":"","src":"","width":0,"height":0},"classes":[]},{"id":68,"url":"http:\/\/studereninfrankrijk.nl\/?page_id=68","url_meta":{"origin":50,"position":3},"title":"Handige links","author":"Steffie228G","date":"juli 7, 2016","format":false,"excerpt":"Admission Post-Bac voor het inschrijven in jaar 1 van de universiteit, een classe pr\u00e9paratoire etc. Niet voor universitaire Master studenten. Alliance Fran\u00e7aise om Frans te leren\/te verbeteren en om het DELF B2 diploma te halen. CAF voor huurtoeslag. Cl\u00e9 extra hulp om aan de voorwaarden te voldoen voor huisvesting. Alleen\u2026","rel":"","context":"Soortgelijk bericht","block_context":{"text":"Soortgelijk bericht","link":""},"img":{"alt_text":"","src":"","width":0,"height":0},"classes":[]},{"id":58,"url":"http:\/\/studereninfrankrijk.nl\/?page_id=58","url_meta":{"origin":50,"position":4},"title":"Inschrijven","author":"Steffie228G","date":"juli 7, 2016","format":false,"excerpt":"De inschrijvingsprocedure voor een Franse onderwijsinstelling kent verschillende onderdelen. Als eerste moet je je in januari inschrijven via Admission Post-Bac. In\u00a0de periode tussen de\u00a0inschrijving op Admission Post-Bac en de bevestiging van aanname op de universiteit van jouw keuze in juni, kan je heel veel regelen, zoals huisvesting via DSE. Het\u2026","rel":"","context":"Soortgelijk bericht","block_context":{"text":"Soortgelijk bericht","link":""},"img":{"alt_text":"","src":"","width":0,"height":0},"classes":[]},{"id":31,"url":"http:\/\/studereninfrankrijk.nl\/?page_id=31","url_meta":{"origin":50,"position":5},"title":"College geld","author":"Steffie228G","date":"juli 7, 2016","format":false,"excerpt":"Het college geld in Frankrijk is ten opzichte van Nederland erg laag. In Nederland betaal voor \u00e9\u00e9n jaar bachelor bijna 2000 euro en daar komen je boeken nog bovenop, in Frankrijk kost \u00e9\u00e9n jaar bachelor (licence) 183 euro. Voor een Franse master betaal je 256 euro per jaar. Frankrijk heeft\u2026","rel":"","context":"Soortgelijk bericht","block_context":{"text":"Soortgelijk bericht","link":""},"img":{"alt_text":"","src":"","width":0,"height":0},"classes":[]}],"_links":{"self":[{"href":"http:\/\/studereninfrankrijk.nl\/index.php?rest_route=\/wp\/v2\/pages\/50"}],"collection":[{"href":"http:\/\/studereninfrankrijk.nl\/index.php?rest_route=\/wp\/v2\/pages"}],"about":[{"href":"http:\/\/studereninfrankrijk.nl\/index.php?rest_route=\/wp\/v2\/types\/page"}],"author":[{"embeddable":true,"href":"http:\/\/studereninfrankrijk.nl\/index.php?rest_route=\/wp\/v2\/users\/1"}],"replies":[{"embeddable":true,"href":"http:\/\/studereninfrankrijk.nl\/index.php?rest_route=%2Fwp%2Fv2%2Fcomments&post=50"}],"version-history":[{"count":5,"href":"http:\/\/studereninfrankrijk.nl\/index.php?rest_route=\/wp\/v2\/pages\/50\/revisions"}],"predecessor-version":[{"id":83,"href":"http:\/\/studereninfrankrijk.nl\/index.php?rest_route=\/wp\/v2\/pages\/50\/revisions\/83"}],"up":[{"embeddable":true,"href":"http:\/\/studereninfrankrijk.nl\/index.php?rest_route=\/wp\/v2\/pages\/25"}],"wp:attachment":[{"href":"http:\/\/studereninfrankrijk.nl\/index.php?rest_route=%2Fwp%2Fv2%2Fmedia&parent=50"}],"curies":[{"name":"wp","href":"https:\/\/api.w.org\/{rel}","templated":true}]}}